{"id":1538,"date":"2024-03-25T17:02:42","date_gmt":"2024-03-25T16:02:42","guid":{"rendered":"https:\/\/visitsanluri.it\/it\/?page_id=1538"},"modified":"2024-04-02T17:10:09","modified_gmt":"2024-04-02T15:10:09","slug":"agriturismo-su-stai","status":"publish","type":"page","link":"https:\/\/visitsanluri.it\/it\/agriturismo-su-stai\/","title":{"rendered":"Agriturismo Su Stai"},"content":{"rendered":"<div class=\"fusion-fullwidth fullwidth-box fusion-builder-row-1 fusion-flex-container has-pattern-background has-mask-background nonhundred-percent-fullwidth non-hundred-percent-height-scrolling\" style=\"--awb-border-radius-top-left:0px;--awb-border-radius-top-right:0px;--awb-border-radius-bottom-right:0px;--awb-border-radius-bottom-left:0px;--awb-flex-wrap:wrap;\" ><div class=\"fusion-builder-row fusion-row fusion-flex-align-items-flex-start fusion-flex-content-wrap\" style=\"max-width:1216.8px;margin-left: calc(-4% \/ 2 );margin-right: calc(-4% \/ 2 );\"><div class=\"fusion-layout-column fusion_builder_column fusion-builder-column-0 fusion_builder_column_2_3 2_3 fusion-flex-column\" style=\"--awb-bg-size:cover;--awb-width-large:66.666666666667%;--awb-margin-top-large:0px;--awb-spacing-right-large:2.88%;--awb-margin-bottom-large:20px;--awb-spacing-left-large:2.88%;--awb-width-medium:100%;--awb-order-medium:0;--awb-spacing-right-medium:1.92%;--awb-spacing-left-medium:1.92%;--awb-width-small:100%;--awb-order-small:0;--awb-spacing-right-small:1.92%;--awb-spacing-left-small:1.92%;\"><div class=\"fusion-column-wrapper fusion-column-has-shadow fusion-flex-justify-content-flex-start fusion-content-layout-column\"><div class=\"fusion-title title fusion-title-1 fusion-title-center fusion-title-text fusion-title-size-one\" style=\"--awb-text-color:#d6b264;\"><div class=\"title-sep-container title-sep-container-left\"><div class=\"title-sep sep- sep-solid\" style=\"border-color:var(--awb-color3);\"><\/div><\/div><span class=\"awb-title-spacer\"><\/span><h1 class=\"fusion-title-heading title-heading-center fusion-responsive-typography-calculated\" style=\"margin:0;--fontSize:46;line-height:var(--awb-typography1-line-height);\"><h1 style=\"text-align: center;\">Agriturismo Su Stai<\/h1><\/h1><span class=\"awb-title-spacer\"><\/span><div class=\"title-sep-container title-sep-container-right\"><div class=\"title-sep sep- sep-solid\" style=\"border-color:var(--awb-color3);\"><\/div><\/div><\/div><div class=\"fusion-image-element \" style=\"text-align:center;--awb-caption-title-font-family:var(--h2_typography-font-family);--awb-caption-title-font-weight:var(--h2_typography-font-weight);--awb-caption-title-font-style:var(--h2_typography-font-style);--awb-caption-title-size:var(--h2_typography-font-size);--awb-caption-title-transform:var(--h2_typography-text-transform);--awb-caption-title-line-height:var(--h2_typography-line-height);--awb-caption-title-letter-spacing:var(--h2_typography-letter-spacing);\"><span class=\" fusion-imageframe imageframe-none imageframe-1 hover-type-none\"><img decoding=\"async\" width=\"1440\" height=\"1080\" title=\"101151991_10158243380934346_6008906628630315008_n\" src=\"https:\/\/visitsanluri.it\/wp-content\/uploads\/2024\/03\/101151991_10158243380934346_6008906628630315008_n.jpg\" data-orig-src=\"https:\/\/visitsanluri.it\/wp-content\/uploads\/2024\/03\/101151991_10158243380934346_6008906628630315008_n.jpg\" alt class=\"lazyload img-responsive wp-image-1539\" srcset=\"data:image\/svg+xml,%3Csvg%20xmlns%3D%27http%3A%2F%2Fwww.w3.org%2F2000%2Fsvg%27%20width%3D%271440%27%20height%3D%271080%27%20viewBox%3D%270%200%201440%201080%27%3E%3Crect%20width%3D%271440%27%20height%3D%271080%27%20fill-opacity%3D%220%22%2F%3E%3C%2Fsvg%3E\" data-srcset=\"https:\/\/visitsanluri.it\/wp-content\/uploads\/2024\/03\/101151991_10158243380934346_6008906628630315008_n-200x150.jpg 200w, https:\/\/visitsanluri.it\/wp-content\/uploads\/2024\/03\/101151991_10158243380934346_6008906628630315008_n-400x300.jpg 400w, https:\/\/visitsanluri.it\/wp-content\/uploads\/2024\/03\/101151991_10158243380934346_6008906628630315008_n-600x450.jpg 600w, https:\/\/visitsanluri.it\/wp-content\/uploads\/2024\/03\/101151991_10158243380934346_6008906628630315008_n-800x600.jpg 800w, https:\/\/visitsanluri.it\/wp-content\/uploads\/2024\/03\/101151991_10158243380934346_6008906628630315008_n-1200x900.jpg 1200w, https:\/\/visitsanluri.it\/wp-content\/uploads\/2024\/03\/101151991_10158243380934346_6008906628630315008_n.jpg 1440w\" data-sizes=\"auto\" data-orig-sizes=\"(max-width: 800px) 100vw, (max-width: 640px) 100vw, 800px\" \/><\/span><\/div><div class=\"fusion-image-carousel fusion-image-carousel-fixed fusion-image-carousel-1 lightbox-enabled fusion-carousel-border\"><div class=\"awb-carousel awb-swiper awb-swiper-carousel\" data-autoplay=\"no\" data-columns=\"5\" data-itemmargin=\"13\" data-itemwidth=\"180\" data-touchscroll=\"no\" data-imagesize=\"fixed\"><div class=\"swiper-wrapper awb-image-carousel-wrapper fusion-flex-align-items-center\"><div class=\"swiper-slide\"><div class=\"fusion-carousel-item-wrapper\"><div class=\"fusion-image-wrapper hover-type-none\"><a data-rel=\"iLightbox[image_carousel_1]\" data-title=\"330351581_1264657717781122_4627065934714646555_n\" aria-label=\"330351581_1264657717781122_4627065934714646555_n\" href=\"https:\/\/visitsanluri.it\/wp-content\/uploads\/2024\/03\/330351581_1264657717781122_4627065934714646555_n.jpg\" target=\"_self\"><img decoding=\"async\" width=\"320\" height=\"202\" src=\"data:image\/svg+xml,%3Csvg%20xmlns%3D%27http%3A%2F%2Fwww.w3.org%2F2000%2Fsvg%27%20width%3D%271537%27%20height%3D%271537%27%20viewBox%3D%270%200%201537%201537%27%3E%3Crect%20width%3D%271537%27%20height%3D%271537%27%20fill-opacity%3D%220%22%2F%3E%3C%2Fsvg%3E\" class=\"attachment-blog-medium size-blog-medium lazyload\" alt=\"\" data-orig-src=\"https:\/\/visitsanluri.it\/wp-content\/uploads\/2024\/03\/330351581_1264657717781122_4627065934714646555_n-320x202.jpg\" \/><\/a><\/div><\/div><\/div><div class=\"swiper-slide\"><div class=\"fusion-carousel-item-wrapper\"><div class=\"fusion-image-wrapper hover-type-none\"><a data-rel=\"iLightbox[image_carousel_1]\" data-title=\"333709999_1289644468433141_789856782921550451_n\" aria-label=\"333709999_1289644468433141_789856782921550451_n\" href=\"https:\/\/visitsanluri.it\/wp-content\/uploads\/2024\/03\/333709999_1289644468433141_789856782921550451_n.jpg\" target=\"_self\"><img decoding=\"async\" width=\"320\" height=\"202\" src=\"data:image\/svg+xml,%3Csvg%20xmlns%3D%27http%3A%2F%2Fwww.w3.org%2F2000%2Fsvg%27%20width%3D%271536%27%20height%3D%271536%27%20viewBox%3D%270%200%201536%201536%27%3E%3Crect%20width%3D%271536%27%20height%3D%271536%27%20fill-opacity%3D%220%22%2F%3E%3C%2Fsvg%3E\" class=\"attachment-blog-medium size-blog-medium lazyload\" alt=\"\" data-orig-src=\"https:\/\/visitsanluri.it\/wp-content\/uploads\/2024\/03\/333709999_1289644468433141_789856782921550451_n-320x202.jpg\" \/><\/a><\/div><\/div><\/div><div class=\"swiper-slide\"><div class=\"fusion-carousel-item-wrapper\"><div class=\"fusion-image-wrapper hover-type-none\"><a data-rel=\"iLightbox[image_carousel_1]\" data-title=\"332922022_542488434535056_4620157002714498808_n\" aria-label=\"332922022_542488434535056_4620157002714498808_n\" href=\"https:\/\/visitsanluri.it\/wp-content\/uploads\/2024\/03\/332922022_542488434535056_4620157002714498808_n.jpg\" target=\"_self\"><img decoding=\"async\" width=\"320\" height=\"202\" src=\"data:image\/svg+xml,%3Csvg%20xmlns%3D%27http%3A%2F%2Fwww.w3.org%2F2000%2Fsvg%27%20width%3D%271536%27%20height%3D%271536%27%20viewBox%3D%270%200%201536%201536%27%3E%3Crect%20width%3D%271536%27%20height%3D%271536%27%20fill-opacity%3D%220%22%2F%3E%3C%2Fsvg%3E\" class=\"attachment-blog-medium size-blog-medium lazyload\" alt=\"\" data-orig-src=\"https:\/\/visitsanluri.it\/wp-content\/uploads\/2024\/03\/332922022_542488434535056_4620157002714498808_n-320x202.jpg\" \/><\/a><\/div><\/div><\/div><div class=\"swiper-slide\"><div class=\"fusion-carousel-item-wrapper\"><div class=\"fusion-image-wrapper hover-type-none\"><a data-rel=\"iLightbox[image_carousel_1]\" data-title=\"333051016_598899485109207_822829668450492408_n\" aria-label=\"333051016_598899485109207_822829668450492408_n\" href=\"https:\/\/visitsanluri.it\/wp-content\/uploads\/2024\/03\/333051016_598899485109207_822829668450492408_n.jpg\" target=\"_self\"><img decoding=\"async\" width=\"320\" height=\"202\" src=\"data:image\/svg+xml,%3Csvg%20xmlns%3D%27http%3A%2F%2Fwww.w3.org%2F2000%2Fsvg%27%20width%3D%271536%27%20height%3D%271536%27%20viewBox%3D%270%200%201536%201536%27%3E%3Crect%20width%3D%271536%27%20height%3D%271536%27%20fill-opacity%3D%220%22%2F%3E%3C%2Fsvg%3E\" class=\"attachment-blog-medium size-blog-medium lazyload\" alt=\"\" data-orig-src=\"https:\/\/visitsanluri.it\/wp-content\/uploads\/2024\/03\/333051016_598899485109207_822829668450492408_n-320x202.jpg\" \/><\/a><\/div><\/div><\/div><div class=\"swiper-slide\"><div class=\"fusion-carousel-item-wrapper\"><div class=\"fusion-image-wrapper hover-type-none\"><a data-rel=\"iLightbox[image_carousel_1]\" data-title=\"332863336_1852060075164485_5932836664334673477_n\" aria-label=\"332863336_1852060075164485_5932836664334673477_n\" href=\"https:\/\/visitsanluri.it\/wp-content\/uploads\/2024\/03\/332863336_1852060075164485_5932836664334673477_n.jpg\" target=\"_self\"><img decoding=\"async\" width=\"320\" height=\"202\" src=\"data:image\/svg+xml,%3Csvg%20xmlns%3D%27http%3A%2F%2Fwww.w3.org%2F2000%2Fsvg%27%20width%3D%271536%27%20height%3D%271536%27%20viewBox%3D%270%200%201536%201536%27%3E%3Crect%20width%3D%271536%27%20height%3D%271536%27%20fill-opacity%3D%220%22%2F%3E%3C%2Fsvg%3E\" class=\"attachment-blog-medium size-blog-medium lazyload\" alt=\"\" data-orig-src=\"https:\/\/visitsanluri.it\/wp-content\/uploads\/2024\/03\/332863336_1852060075164485_5932836664334673477_n-320x202.jpg\" \/><\/a><\/div><\/div><\/div><div class=\"swiper-slide\"><div class=\"fusion-carousel-item-wrapper\"><div class=\"fusion-image-wrapper hover-type-none\"><a data-rel=\"iLightbox[image_carousel_1]\" data-title=\"291369688_10159827198009346_5225788926716665337_n\" aria-label=\"291369688_10159827198009346_5225788926716665337_n\" href=\"https:\/\/visitsanluri.it\/wp-content\/uploads\/2024\/03\/291369688_10159827198009346_5225788926716665337_n.jpg\" target=\"_self\"><img decoding=\"async\" width=\"320\" height=\"202\" src=\"data:image\/svg+xml,%3Csvg%20xmlns%3D%27http%3A%2F%2Fwww.w3.org%2F2000%2Fsvg%27%20width%3D%271080%27%20height%3D%271080%27%20viewBox%3D%270%200%201080%201080%27%3E%3Crect%20width%3D%271080%27%20height%3D%271080%27%20fill-opacity%3D%220%22%2F%3E%3C%2Fsvg%3E\" class=\"attachment-blog-medium size-blog-medium lazyload\" alt=\"\" data-orig-src=\"https:\/\/visitsanluri.it\/wp-content\/uploads\/2024\/03\/291369688_10159827198009346_5225788926716665337_n-320x202.jpg\" \/><\/a><\/div><\/div><\/div><\/div><div class=\"awb-swiper-button awb-swiper-button-prev\"><i class=\"awb-icon-angle-left\" aria-hidden=\"true\"><\/i><\/div><div class=\"awb-swiper-button awb-swiper-button-next\"><i class=\"awb-icon-angle-right\" aria-hidden=\"true\"><\/i><\/div><\/div><\/div><div class=\"fusion-text fusion-text-1\" style=\"--awb-text-color:#919191;\"><p style=\"text-align: center;\">Info: agritursustai@gmail.com<br \/>\nPh: +39 348 0446461<\/p>\n<\/div><\/div><\/div><div class=\"fusion-layout-column fusion_builder_column fusion-builder-column-1 fusion_builder_column_1_3 1_3 fusion-flex-column\" style=\"--awb-bg-size:cover;--awb-width-large:33.333333333333%;--awb-margin-top-large:0px;--awb-spacing-right-large:5.76%;--awb-margin-bottom-large:20px;--awb-spacing-left-large:5.76%;--awb-width-medium:100%;--awb-order-medium:0;--awb-spacing-right-medium:1.92%;--awb-spacing-left-medium:1.92%;--awb-width-small:100%;--awb-order-small:0;--awb-spacing-right-small:1.92%;--awb-spacing-left-small:1.92%;\"><div class=\"fusion-column-wrapper fusion-column-has-shadow fusion-flex-justify-content-flex-start fusion-content-layout-column\"><div class=\"fusion-text fusion-text-2\" style=\"--awb-text-color:#000000;\"><p>L\u2019agriturismo Su Stai propone cibi preparati con prodotti sani e genuini che provengono esclusivamente dai nostri allevamenti e dalle nostre colture, ed estende la sua ospitalit\u00e0 dando la possibilit\u00e0 di pernottare in comode casette autonome dislocate in prossimit\u00e0 dell&#8217;antico casale.<\/p>\n<p>L\u2019agriturismo stato allestito nei locali dell\u2019antico podere Valbella ed \u00e8 il risultato di un\u2019attenta ristrutturazione di una vecchia fattoria dove la sala da pranzo ogni volta si trasforma in uno spazio conviviale dove intrattenersi a chiacchierare piacevolmente.<\/p>\n<p>Le unit\u00e0 abitative sono comode e accoglienti e dispongono dell&#8217;aria condizionata, di un bagno riservato e sono state realizzate richiamando i colori e i materiali tipici dei paesi mediterranei.<br \/>\nAccanto alle casette \u00e8 stata allestita un&#8217;ampia area verde e una grande sala dedicata ai servizi e ai momenti d&#8217;incontro collettivo, in questa sala vengono spesso allestite esibizioni, mostre temporanee e brevi corsi di artigianato o manifattura secondo gli usi e le tradizioni del territorio.<\/p>\n<\/div><iframe src=\"https:\/\/www.google.com\/maps\/embed?pb=!1m18!1m12!1m3!1d3078.805778647112!2d8.860620475084426!3d39.49630001114639!2m3!1f0!2f0!3f0!3m2!1i1024!2i768!4f13.1!3m3!1m2!1s0x12e75d3c156130c5%3A0x6c6c1b9d0f5dd475!2sAgriturismo%20Su%20Stai!5e0!3m2!1sit!2sit!4v1711382477166!5m2!1sit!2sit\" width=\"600\" height=\"450\" style=\"border:0;\" allowfullscreen=\"\" loading=\"lazy\" referrerpolicy=\"no-referrer-when-downgrade\"><\/iframe><\/div><\/div><div class=\"fusion-layout-column fusion_builder_column fusion-builder-column-2 fusion_builder_column_1_1 1_1 fusion-flex-column\" style=\"--awb-bg-size:cover;--awb-width-large:100%;--awb-margin-top-large:0px;--awb-spacing-right-large:1.92%;--awb-margin-bottom-large:20px;--awb-spacing-left-large:1.92%;--awb-width-medium:100%;--awb-order-medium:0;--awb-spacing-right-medium:1.92%;--awb-spacing-left-medium:1.92%;--awb-width-small:100%;--awb-order-small:0;--awb-spacing-right-small:1.92%;--awb-spacing-left-small:1.92%;\"><div class=\"fusion-column-wrapper fusion-column-has-shadow fusion-flex-justify-content-flex-start fusion-content-layout-column\"><div style=\"text-align:center;\"><a class=\"fusion-button button-3d button-large button-custom fusion-button-default button-1 fusion-button-default-span \" style=\"--button_accent_color:var(--awb-color2);--button_accent_hover_color:var(--awb-color2);--button_border_hover_color:var(--awb-color2);--button_gradient_top_color:var(--awb-color5);--button_gradient_bottom_color:var(--awb-color5);--button_gradient_top_color_hover:var(--awb-color5);--button_gradient_bottom_color_hover:var(--awb-color5);\" target=\"_self\" href=\"https:\/\/visitsanluri.it\/it\/agriturismo-su-stai-prenota\/\"><i class=\"fa-cart-plus fas button-icon-left\" aria-hidden=\"true\"><\/i><span class=\"fusion-button-text\">PRENOTA ONLINE IL TUO SOGGIORNO<\/span><\/a><\/div><\/div><\/div><div class=\"fusion-layout-column fusion_builder_column fusion-builder-column-3 fusion_builder_column_1_4 1_4 fusion-flex-column\" style=\"--awb-bg-size:cover;--awb-width-large:25%;--awb-margin-top-large:0px;--awb-spacing-right-large:7.68%;--awb-margin-bottom-large:20px;--awb-spacing-left-large:7.68%;--awb-width-medium:100%;--awb-order-medium:0;--awb-spacing-right-medium:1.92%;--awb-spacing-left-medium:1.92%;--awb-width-small:100%;--awb-order-small:0;--awb-spacing-right-small:1.92%;--awb-spacing-left-small:1.92%;\"><div class=\"fusion-column-wrapper fusion-column-has-shadow fusion-flex-justify-content-flex-start fusion-content-layout-column\"><div class=\"fusion-content-boxes content-boxes columns row fusion-columns-1 fusion-columns-total-1 fusion-content-boxes-1 content-boxes-icon-on-top content-left\" style=\"--awb-hover-accent-color:var(--awb-color5);--awb-circle-hover-accent-color:var(--awb-color5);--awb-item-margin-bottom:40px;\" data-animationOffset=\"top-into-view\"><div style=\"--awb-backgroundcolor:#1ebabc;\" class=\"fusion-column content-box-column content-box-column content-box-column-1 col-lg-12 col-md-12 col-sm-12 fusion-content-box-hover content-box-column-last content-box-column-last-in-row\"><div class=\"col content-box-wrapper content-wrapper-background link-area-link-icon link-type-text icon-hover-animation-fade\" data-animationOffset=\"top-into-view\"><div class=\"heading heading-with-icon icon-left\"><a class=\"heading-link\" href=\"https:\/\/visitsanluri.it\/it\/dove-dormire\/\" target=\"_self\"><div class=\"icon\"><i style=\"border-color:rgba(255,255,255,0);border-width:1px;background-color:#1ebabc;box-sizing:content-box;height:42px;width:42px;line-height:42px;border-radius:50%;font-size:21px;\" aria-hidden=\"true\" class=\"fontawesome-icon fa-bed fas circle-yes\"><\/i><\/div><h2 class=\"content-box-heading fusion-responsive-typography-calculated\" style=\"--h2_typography-font-size:18px;--fontSize:18;line-height:var(--awb-typography1-line-height);\">Dove Dormire<\/h2><\/a><\/div><\/div><\/div><div class=\"fusion-clearfix\"><\/div><\/div><\/div><\/div><div class=\"fusion-layout-column fusion_builder_column fusion-builder-column-4 fusion_builder_column_1_4 1_4 fusion-flex-column\" style=\"--awb-bg-size:cover;--awb-width-large:25%;--awb-margin-top-large:0px;--awb-spacing-right-large:7.68%;--awb-margin-bottom-large:20px;--awb-spacing-left-large:7.68%;--awb-width-medium:100%;--awb-order-medium:0;--awb-spacing-right-medium:1.92%;--awb-spacing-left-medium:1.92%;--awb-width-small:100%;--awb-order-small:0;--awb-spacing-right-small:1.92%;--awb-spacing-left-small:1.92%;\"><div class=\"fusion-column-wrapper fusion-column-has-shadow fusion-flex-justify-content-flex-start fusion-content-layout-column\"><div class=\"fusion-content-boxes content-boxes columns row fusion-columns-1 fusion-columns-total-1 fusion-content-boxes-2 content-boxes-icon-on-top content-left\" style=\"--awb-hover-accent-color:var(--awb-color5);--awb-circle-hover-accent-color:var(--awb-color5);--awb-item-margin-bottom:40px;\" data-animationOffset=\"top-into-view\"><div style=\"--awb-backgroundcolor:#9b0000;\" class=\"fusion-column content-box-column content-box-column content-box-column-1 col-lg-12 col-md-12 col-sm-12 fusion-content-box-hover content-box-column-last content-box-column-last-in-row\"><div class=\"col content-box-wrapper content-wrapper-background link-area-link-icon link-type-text icon-hover-animation-fade\" data-animationOffset=\"top-into-view\"><div class=\"heading heading-with-icon icon-left\"><a class=\"heading-link\" href=\"https:\/\/visitsanluri.it\/it\/dove-mangiare\/\" target=\"_self\"><div class=\"icon\"><i style=\"border-color:rgba(255,255,255,0);border-width:1px;background-color:#9b0000;box-sizing:content-box;height:42px;width:42px;line-height:42px;border-radius:50%;font-size:21px;\" aria-hidden=\"true\" class=\"fontawesome-icon fa-utensils fas circle-yes\"><\/i><\/div><h2 class=\"content-box-heading fusion-responsive-typography-calculated\" style=\"--h2_typography-font-size:18px;--fontSize:18;line-height:var(--awb-typography1-line-height);\">Dove Mangiare<\/h2><\/a><\/div><\/div><\/div><div class=\"fusion-clearfix\"><\/div><\/div><\/div><\/div><div class=\"fusion-layout-column fusion_builder_column fusion-builder-column-5 fusion_builder_column_1_4 1_4 fusion-flex-column\" style=\"--awb-bg-size:cover;--awb-width-large:25%;--awb-margin-top-large:0px;--awb-spacing-right-large:7.68%;--awb-margin-bottom-large:20px;--awb-spacing-left-large:7.68%;--awb-width-medium:100%;--awb-order-medium:0;--awb-spacing-right-medium:1.92%;--awb-spacing-left-medium:1.92%;--awb-width-small:100%;--awb-order-small:0;--awb-spacing-right-small:1.92%;--awb-spacing-left-small:1.92%;\"><div class=\"fusion-column-wrapper fusion-column-has-shadow fusion-flex-justify-content-flex-start fusion-content-layout-column\"><div class=\"fusion-content-boxes content-boxes columns row fusion-columns-1 fusion-columns-total-1 fusion-content-boxes-3 content-boxes-icon-on-top content-left\" style=\"--awb-hover-accent-color:var(--awb-color5);--awb-circle-hover-accent-color:var(--awb-color5);--awb-item-margin-bottom:40px;\" data-animationOffset=\"top-into-view\"><div style=\"--awb-backgroundcolor:#d6b264;\" class=\"fusion-column content-box-column content-box-column content-box-column-1 col-lg-12 col-md-12 col-sm-12 fusion-content-box-hover content-box-column-last content-box-column-last-in-row\"><div class=\"col content-box-wrapper content-wrapper-background link-area-link-icon link-type-text icon-hover-animation-fade\" data-animationOffset=\"top-into-view\"><div class=\"heading heading-with-icon icon-left\"><a class=\"heading-link\" href=\"https:\/\/visitsanluri.it\/it\/cosa-fare\/\" target=\"_self\"><div class=\"icon\"><i style=\"border-color:rgba(255,255,255,0);border-width:1px;background-color:#d6b264;box-sizing:content-box;height:42px;width:42px;line-height:42px;border-radius:50%;font-size:21px;\" aria-hidden=\"true\" class=\"fontawesome-icon fa-running fas circle-yes\"><\/i><\/div><h2 class=\"content-box-heading fusion-responsive-typography-calculated\" style=\"--h2_typography-font-size:18px;--fontSize:18;line-height:var(--awb-typography1-line-height);\">Cosa Fare<\/h2><\/a><\/div><\/div><\/div><div class=\"fusion-clearfix\"><\/div><\/div><\/div><\/div><div class=\"fusion-layout-column fusion_builder_column fusion-builder-column-6 fusion_builder_column_1_4 1_4 fusion-flex-column\" style=\"--awb-bg-size:cover;--awb-width-large:25%;--awb-margin-top-large:0px;--awb-spacing-right-large:7.68%;--awb-margin-bottom-large:20px;--awb-spacing-left-large:7.68%;--awb-width-medium:100%;--awb-order-medium:0;--awb-spacing-right-medium:1.92%;--awb-spacing-left-medium:1.92%;--awb-width-small:100%;--awb-order-small:0;--awb-spacing-right-small:1.92%;--awb-spacing-left-small:1.92%;\"><div class=\"fusion-column-wrapper fusion-column-has-shadow fusion-flex-justify-content-flex-start fusion-content-layout-column\"><div class=\"fusion-content-boxes content-boxes columns row fusion-columns-1 fusion-columns-total-1 fusion-content-boxes-4 content-boxes-icon-on-top content-left\" style=\"--awb-hover-accent-color:var(--awb-color5);--awb-circle-hover-accent-color:var(--awb-color5);--awb-item-margin-bottom:40px;\" data-animationOffset=\"top-into-view\"><div style=\"--awb-backgroundcolor:#9000ff;\" class=\"fusion-column content-box-column content-box-column content-box-column-1 col-lg-12 col-md-12 col-sm-12 fusion-content-box-hover content-box-column-last content-box-column-last-in-row\"><div class=\"col content-box-wrapper content-wrapper-background link-area-link-icon link-type-text icon-hover-animation-fade\" data-animationOffset=\"top-into-view\"><div class=\"heading heading-with-icon icon-left\"><a class=\"heading-link\" href=\"https:\/\/visitsanluri.it\/it\/chiese-e-monumenti\/\" target=\"_self\"><div class=\"icon\"><i style=\"border-color:rgba(255,255,255,0);border-width:1px;background-color:#9000ff;box-sizing:content-box;height:42px;width:42px;line-height:42px;border-radius:50%;font-size:21px;\" aria-hidden=\"true\" class=\"fontawesome-icon fa-landmark fas circle-yes\"><\/i><\/div><h2 class=\"content-box-heading fusion-responsive-typography-calculated\" style=\"--h2_typography-font-size:18px;--fontSize:18;line-height:var(--awb-typography1-line-height);\">Chiese e Monumenti<\/h2><\/a><\/div><\/div><\/div><div class=\"fusion-clearfix\"><\/div><\/div><\/div><\/div><\/div><\/div>\n","protected":false},"excerpt":{"rendered":"","protected":false},"author":1,"featured_media":0,"parent":0,"menu_order":0,"comment_status":"closed","ping_status":"open","template":"","meta":{"footnotes":""},"_links":{"self":[{"href":"https:\/\/visitsanluri.it\/it\/wp-json\/wp\/v2\/pages\/1538"}],"collection":[{"href":"https:\/\/visitsanluri.it\/it\/wp-json\/wp\/v2\/pages"}],"about":[{"href":"https:\/\/visitsanluri.it\/it\/wp-json\/wp\/v2\/types\/page"}],"author":[{"embeddable":true,"href":"https:\/\/visitsanluri.it\/it\/wp-json\/wp\/v2\/users\/1"}],"replies":[{"embeddable":true,"href":"https:\/\/visitsanluri.it\/it\/wp-json\/wp\/v2\/comments?post=1538"}],"version-history":[{"count":12,"href":"https:\/\/visitsanluri.it\/it\/wp-json\/wp\/v2\/pages\/1538\/revisions"}],"predecessor-version":[{"id":1709,"href":"https:\/\/visitsanluri.it\/it\/wp-json\/wp\/v2\/pages\/1538\/revisions\/1709"}],"wp:attachment":[{"href":"https:\/\/visitsanluri.it\/it\/wp-json\/wp\/v2\/media?parent=1538"}],"curies":[{"name":"wp","href":"https:\/\/api.w.org\/{rel}","templated":true}]}}